{"id":1847,"date":"2020-06-01T13:17:47","date_gmt":"2020-06-01T16:17:47","guid":{"rendered":"https:\/\/cibr.com.br\/?page_id=1847"},"modified":"2020-06-01T13:24:22","modified_gmt":"2020-06-01T16:24:22","slug":"politica-de-privacidade","status":"publish","type":"page","link":"https:\/\/cibr.com.br\/es\/politica-de-privacidade\/","title":{"rendered":"Pol\u00edtica de privacidad"},"content":{"rendered":"\t\t<div data-elementor-type=\"wp-page\" data-elementor-id=\"1847\" class=\"elementor elementor-1847\">\n\t\t\t\t\t\t<div class=\"elementor-inner\">\n\t\t\t\t<div class=\"elementor-section-wrap\">\n\t\t\t\t\t\t\t\t\t<section class=\"elementor-section elementor-top-section elementor-element elementor-element-2985d20b elementor-section-boxed elementor-section-height-default elementor-section-height-default\" data-id=\"2985d20b\" data-element_type=\"section\" data-settings=\"{&quot;background_background&quot;:&quot;classic&quot;}\">\n\t\t\t\t\t\t<div class=\"elementor-container elementor-column-gap-default\">\n\t\t\t\t\t\t\t<div class=\"elementor-row\">\n\t\t\t\t\t<div class=\"elementor-column elementor-col-100 elementor-top-column elementor-element elementor-element-1faa0397\" data-id=\"1faa0397\" data-element_type=\"column\">\n\t\t\t<div class=\"elementor-column-wrap elementor-element-populated\">\n\t\t\t\t\t\t\t<div class=\"elementor-widget-wrap\">\n\t\t\t\t\t\t<div class=\"elementor-element elementor-element-4c874739 elementor-widget elementor-widget-text-editor\" data-id=\"4c874739\" data-element_type=\"widget\" data-widget_type=\"text-editor.default\">\n\t\t\t\t<div class=\"elementor-widget-container\">\n\t\t\t\t\t\t\t\t<div class=\"elementor-text-editor elementor-clearfix\">\n\t\t\t\t<h3>\u00a0<\/h3><h3>Pol\u00edtica de privacidad y t\u00e9rminos de uso.<\/h3><h5><b>Q<\/b>UIENES SOMOS<\/h5><p>La direcci\u00f3n de nuestro sitio web es http:\/\/cibr.com.br.<\/p><p>La Central de Intelig\u00eancia do Brasil est\u00e1 especializada en consultor\u00eda y gesti\u00f3n de riesgos, con m\u00e1s de 20 a\u00f1os de experiencia. En asociaci\u00f3n con asociados especializados de diferentes \u00e1reas de actividad, CIBR ha ampliado sus servicios y hoy opera a nivel mundial.<\/p><p>Esta Pol\u00edtica de privacidad y T\u00e9rminos de uso se actualizaron en mayo de 2020.<\/p><p><b>SECCI\u00d3N 1: \u00bfQU\u00c9 HACEMOS CON SU INFORMACI\u00d3N?<\/b><\/p><p>Cuando accede a nuestro sitio web, recibimos autom\u00e1ticamente el protocolo de Internet de su computadora, la direcci\u00f3n IP (protocolo de Internet) utilizada para conectar su dispositivo a Internet, el tipo de navegador que usa, la versi\u00f3n, la configuraci\u00f3n de zona horaria y la fecha de las solicitudes de informaci\u00f3n, la versi\u00f3n del sistema operativo y flujo de clics URL (Localizadores uniformes de recursos) que examin\u00f3 en este sitio web. Toda la informaci\u00f3n recopilada est\u00e1 destinada a ayudarnos a corregir errores y mejorar su navegaci\u00f3n en nuestro sitio web.<\/p><p>El marketing por correo electr\u00f3nico solo se llevar\u00e1 a cabo si lo permite. En estos correos electr\u00f3nicos puede recibir noticias sobre nuestros servicios y otras actualizaciones, pero si ya no desea recibir nuestra comunicaci\u00f3n de marketing, h\u00e1ganoslo saber.<\/p><p>Tambi\u00e9n usamos su informaci\u00f3n para comunicarnos con usted, si ha solicitado, por ejemplo, al completar nuestro formulario de contacto y para proporcionar informaci\u00f3n de nuestro inter\u00e9s que puede ser importante para usted, por ejemplo, cambios en alg\u00fan tipo de servicio o alg\u00fan tipo de servicio que Puede ser de su inter\u00e9s.<\/p><p>Si en alg\u00fan momento ya no desea recibir nuestra informaci\u00f3n, simplemente cancele su suscripci\u00f3n. Consulte la secci\u00f3n \u00abConsentimiento\u00bb a continuaci\u00f3n.<\/p><p>Ning\u00fan dato o informaci\u00f3n que recopilamos se utilizar\u00e1 para la difusi\u00f3n de ventas por parte de terceros, ni para ning\u00fan prop\u00f3sito de marketing que no pertenezca a nuestra empresa.<\/p><p><b>SECCI\u00d3N 2 &#8211; CONSENTIMIENTO<\/b><\/p><p>\u00bfC\u00f3mo se obtiene mi consentimiento?<\/p><p>Cuando proporciona informaci\u00f3n personal, como nombre, n\u00famero de tel\u00e9fono y direcci\u00f3n, para completar un formulario, registrarse, suscribirse a un bolet\u00edn informativo o comprar un servicio. Despu\u00e9s de llevar a cabo cualquiera de estas acciones, entendemos que est\u00e1 de acuerdo con la recopilaci\u00f3n de datos que utilizar\u00e1 nuestra empresa.<\/p><p>Si solicitamos su informaci\u00f3n personal por un motivo secundario, como marketing, le solicitaremos directamente su consentimiento o le daremos la oportunidad de decir que no.<\/p><p>Y si desea retirar su consentimiento, \u00bfc\u00f3mo procede?<\/p><p>Si, despu\u00e9s de proporcionar sus datos, cambia de opini\u00f3n al respecto, puede retirar su consentimiento en cualquier momento, comunic\u00e1ndose con nosotros por correo electr\u00f3nico cibr@cibr.com.br o envi\u00e1ndonos una correspondencia a: Central de Intelig\u00eancia do Direcci\u00f3n de Brasil en Rua Afonso Braz 900 Conj 175, c\u00f3digo postal 04511-001 S\u00e3o Paulo \/ SP<\/p><p><b>SECCI\u00d3N 3 &#8211; DIVULGACI\u00d3N<\/b><\/p><p>Podemos divulgar su informaci\u00f3n personal si as\u00ed lo exige la ley o si existe una violaci\u00f3n de nuestros T\u00e9rminos de servicio.<\/p><p><b>SECCI\u00d3N 4 &#8211; SERVICIOS DE TERCEROS<\/b><\/p><p>En general, los proveedores de terceros que utilizamos solo recopilar\u00e1n, usar\u00e1n y divulgar\u00e1n su informaci\u00f3n seg\u00fan sea necesario para permitirles realizar los servicios que nos brindan.<\/p><p>Sin embargo, si se utilizan ciertos proveedores de servicios externos espec\u00edficos, como pasarelas de pago y otros procesadores de transacciones de pago, tienen sus propias pol\u00edticas de privacidad con respecto a la informaci\u00f3n que debemos proporcionarles para sus transacciones relacionadas con la contrataci\u00f3n.<\/p><p>Para estos proveedores, le recomendamos que lea sus pol\u00edticas de privacidad para que pueda comprender la forma en que dichos proveedores utilizar\u00e1n su informaci\u00f3n personal.<\/p><p><b>SECCI\u00d3N 5 &#8211; SEGURIDAD<\/b><\/p><p>Para<b> <\/b>proteger su informaci\u00f3n personal, tomamos todas las precauciones y seguimos las mejores pr\u00e1cticas de la industria para asegurarnos de que no se pierda, utilice, acceda, divulgue, altere o destruya de forma incorrecta.<\/p><p>Ocasionalmente, publicamos o incluimos enlaces a terceros fuera de nuestro sitio web, pero esto no significa que aprobemos la pol\u00edtica de privacidad de este sitio web en relaci\u00f3n con la privacidad de los visitantes. Le recomendamos que revise las pol\u00edticas de privacidad antes de usar estos sitios o enviar datos personales.<\/p><p><b>SECCI\u00d3N 6 &#8211; DATOS RECOPILADOS<\/b><\/p><p><strong>Comentarios<\/strong><\/p><p>Cuando los visitantes dejan comentarios en el sitio, recopilamos los datos que se muestran en el formulario de comentarios, adem\u00e1s de la direcci\u00f3n IP del visitante y los datos del navegador, para ayudar en la detecci\u00f3n de spam.<\/p><p>Se puede enviar una cadena an\u00f3nima de caracteres creada a partir de su correo electr\u00f3nico (tambi\u00e9n llamado hash) a Gravatar para verificar que utiliza el servicio. La pol\u00edtica de privacidad de Gravatar est\u00e1 disponible aqu\u00ed: https:\/\/automattic.com\/privacy\/. Despu\u00e9s de que se apruebe su comentario, su foto de perfil ser\u00e1 visible p\u00fablicamente junto a su comentario, solo si lo desea.<\/p><p><strong>Formularios de contacto<\/strong><\/p><p>Los datos que se pueden recopilar en nuestros formularios son: nombre completo, fecha de nacimiento, empresa \/ cargo, tel\u00e9fono y correo electr\u00f3nico de contacto. Al completar nuestro formulario, usted acepta el uso de datos por parte de la empresa.<\/p><p><strong>Pol\u00edtica de uso de cookies<\/strong><\/p><p>Una cookie es un peque\u00f1o archivo de texto que tiene un identificador \u00fanico que se emite cada vez que visita un sitio web.<\/p><p>Cada sitio puede enviar su propia cookie a su navegador, si las preferencias de su navegador lo permiten, pero para su seguridad su navegador solo permite el acceso a las cookies que ese sitio ya le ha enviado, y no desde otros sitios. Los sitios a menudo usan estas cookies para rastrear los flujos de tr\u00e1fico en el sitio.<\/p><p>Utilizamos cookies para ayudarnos a mejorar nuestro sitio web, recolectando informaci\u00f3n sobre su navegaci\u00f3n y su dispositivo, para ayudarnos a corregir posibles errores en nuestro sitio web. Algunos duran solo durante su navegaci\u00f3n, otros pueden almacenarse m\u00e1s tiempo cuando permite, por ejemplo, la preferencia de idioma.<\/p><p>Al dejar un comentario en el sitio web, puede elegir guardar su nombre, correo electr\u00f3nico y sitio web en cookies. Esto es para su comodidad y para que no tenga que completar sus datos nuevamente cuando haga otro comentario. Estas cookies duran un a\u00f1o.<\/p><p><strong>Medios incrustados de otros sitios<\/strong><\/p><p>Los art\u00edculos en este sitio pueden incluir contenido incrustado, como videos, im\u00e1genes, art\u00edculos, etc. El contenido incrustado de otros sitios se comporta exactamente de la misma manera que si el visitante estuviera visitando el otro sitio.<\/p><p>Estos sitios pueden recopilar datos sobre usted, usar cookies, incorporar un seguimiento adicional de terceros y monitorear su interacci\u00f3n con este contenido incrustado, incluida su interacci\u00f3n con el contenido incrustado si tiene una cuenta y est\u00e1 conectado al sitio. Le recomendamos que acceda a la pol\u00edtica de privacidad de estos sitios cuando sea necesario.<\/p><p><b>SECCI\u00d3N 7 &#8211; CU\u00c1NTO TIEMPO GUARDAMOS SUS DATOS<\/b><\/p><p>Si deja un comentario, el comentario y sus metadatos se retienen indefinidamente. Hacemos esto para que sea posible reconocer y aprobar autom\u00e1ticamente cualquier comentario posterior en lugar de retenerlos para moderaci\u00f3n.<\/p><p>Si desea eliminar sus comentarios, simplemente elim\u00ednelos manualmente.<\/p><p><strong>\u00bfCu\u00e1les son sus derechos sobre sus datos?<\/strong><\/p><p>Si ha dejado comentarios, puede solicitar un archivo exportado de los datos personales que tenemos sobre usted, incluidos los datos que nos haya proporcionado. Tambi\u00e9n puede solicitar que eliminemos cualquier informaci\u00f3n personal que tengamos sobre usted. Esto no incluye ning\u00fan dato que debamos mantener para fines administrativos, legales o de seguridad.<\/p><p><b>SECCI\u00d3N 8 &#8211; CAMBIOS A ESTA POL\u00cdTICA DE PRIVACIDAD<\/b><\/p><p>Nos reservamos el derecho de modificar esta pol\u00edtica de privacidad en cualquier momento, por lo tanto, rev\u00edsela con frecuencia. Los cambios y las aclaraciones surtir\u00e1n efecto inmediatamente despu\u00e9s de su publicaci\u00f3n en el sitio web. Si hacemos cambios materiales a esta pol\u00edtica, le notificaremos aqu\u00ed que se han actualizado, para que sepa qu\u00e9 informaci\u00f3n recopilamos, c\u00f3mo la usamos y bajo qu\u00e9 circunstancias, si corresponde, usamos y \/ o divulgamos eso.<\/p>\t\t\t\t\t<\/div>\n\t\t\t\t\t\t<\/div>\n\t\t\t\t<\/div>\n\t\t\t\t\t\t<\/div>\n\t\t\t\t\t<\/div>\n\t\t<\/div>\n\t\t\t\t\t\t\t\t<\/div>\n\t\t\t\t\t<\/div>\n\t\t<\/section>\n\t\t\t\t\t\t\t\t\t<\/div>\n\t\t\t<\/div>\n\t\t\t\t\t<\/div>\n\t\t","protected":false},"excerpt":{"rendered":"<p>&nbsp; Pol\u00edtica de privacidad y t\u00e9rminos de uso. QUIENES SOMOS La direcci\u00f3n de nuestro sitio web es http:\/\/cibr.com.br. La Central de Intelig\u00eancia do Brasil est\u00e1 especializada en consultor\u00eda y gesti\u00f3n de riesgos, con m\u00e1s de 20 a\u00f1os de experiencia. En asociaci\u00f3n con asociados especializados de diferentes \u00e1reas de actividad, CIBR ha ampliado sus servicios y [&hellip;]<\/p>\n","protected":false},"author":1,"featured_media":0,"parent":0,"menu_order":0,"comment_status":"closed","ping_status":"closed","template":"elementor_header_footer","meta":{"_mi_skip_tracking":false,"footnotes":""},"class_list":["post-1847","page","type-page","status-publish","hentry"],"yoast_head":"<!-- This site is optimized with the Yoast SEO plugin v23.0 - https:\/\/yoast.com\/wordpress\/plugins\/seo\/ -->\n<title>Pol\u00edtica de privacidad - CIBR<\/title>\n<meta name=\"description\" content=\"&nbsp; Pol\u00edtica de privacidad y t\u00e9rminos de uso. QUIENES SOMOS La direcci\u00f3n de nuestro sitio web es http:\/\/cibr.com.br. La Central de Intelig\u00eancia do\" \/>\n<meta name=\"robots\" content=\"index, follow, max-snippet:-1, max-image-preview:large, max-video-preview:-1\" \/>\n<link rel=\"canonical\" href=\"https:\/\/cibr.com.br\/es\/politica-de-privacidade\/\" \/>\n<meta property=\"og:locale\" content=\"es_ES\" \/>\n<meta property=\"og:type\" content=\"article\" \/>\n<meta property=\"og:title\" content=\"Pol\u00edtica de privacidad - CIBR\" \/>\n<meta property=\"og:description\" content=\"&nbsp; Pol\u00edtica de privacidad y t\u00e9rminos de uso. QUIENES SOMOS La direcci\u00f3n de nuestro sitio web es http:\/\/cibr.com.br. La Central de Intelig\u00eancia do\" \/>\n<meta property=\"og:url\" content=\"https:\/\/cibr.com.br\/es\/politica-de-privacidade\/\" \/>\n<meta property=\"og:site_name\" content=\"CIBR\" \/>\n<meta property=\"article:publisher\" content=\"https:\/\/www.facebook.com\/CIBR.COM.BR\/\" \/>\n<meta property=\"article:modified_time\" content=\"2020-06-01T16:24:22+00:00\" \/>\n<meta property=\"og:image\" content=\"https:\/\/cibr.com.br\/wp-content\/uploads\/2019\/10\/Logotipo-Cibr-oficial.jpeg\" \/>\n\t<meta property=\"og:image:width\" content=\"1280\" \/>\n\t<meta property=\"og:image:height\" content=\"759\" \/>\n\t<meta property=\"og:image:type\" content=\"image\/jpeg\" \/>\n<meta name=\"twitter:card\" content=\"summary_large_image\" \/>\n<meta name=\"twitter:label1\" content=\"Tiempo de lectura\" \/>\n\t<meta name=\"twitter:data1\" content=\"7 minutos\" \/>\n<script type=\"application\/ld+json\" class=\"yoast-schema-graph\">{\"@context\":\"https:\/\/schema.org\",\"@graph\":[{\"@type\":\"WebPage\",\"@id\":\"https:\/\/cibr.com.br\/es\/politica-de-privacidade\/\",\"url\":\"https:\/\/cibr.com.br\/es\/politica-de-privacidade\/\",\"name\":\"Pol\u00edtica de privacidad - CIBR\",\"isPartOf\":{\"@id\":\"https:\/\/cibr.com.br\/#website\"},\"datePublished\":\"2020-06-01T16:17:47+00:00\",\"dateModified\":\"2020-06-01T16:24:22+00:00\",\"description\":\"&nbsp; Pol\u00edtica de privacidad y t\u00e9rminos de uso. QUIENES SOMOS La direcci\u00f3n de nuestro sitio web es http:\/\/cibr.com.br. La Central de Intelig\u00eancia do\",\"breadcrumb\":{\"@id\":\"https:\/\/cibr.com.br\/es\/politica-de-privacidade\/#breadcrumb\"},\"inLanguage\":\"es\",\"potentialAction\":[{\"@type\":\"ReadAction\",\"target\":[\"https:\/\/cibr.com.br\/es\/politica-de-privacidade\/\"]}]},{\"@type\":\"BreadcrumbList\",\"@id\":\"https:\/\/cibr.com.br\/es\/politica-de-privacidade\/#breadcrumb\",\"itemListElement\":[{\"@type\":\"ListItem\",\"position\":1,\"name\":\"In\u00edcio\",\"item\":\"https:\/\/cibr.com.br\/es\/\"},{\"@type\":\"ListItem\",\"position\":2,\"name\":\"Pol\u00edtica de privacidad\"}]},{\"@type\":\"WebSite\",\"@id\":\"https:\/\/cibr.com.br\/#website\",\"url\":\"https:\/\/cibr.com.br\/\",\"name\":\"CIBR\",\"description\":\"Consultoria e Gerenciamento de Riscos\",\"publisher\":{\"@id\":\"https:\/\/cibr.com.br\/#organization\"},\"potentialAction\":[{\"@type\":\"SearchAction\",\"target\":{\"@type\":\"EntryPoint\",\"urlTemplate\":\"https:\/\/cibr.com.br\/?s={search_term_string}\"},\"query-input\":\"required name=search_term_string\"}],\"inLanguage\":\"es\"},{\"@type\":\"Organization\",\"@id\":\"https:\/\/cibr.com.br\/#organization\",\"name\":\"Central de Intelig\u00eancia do Brasil\",\"url\":\"https:\/\/cibr.com.br\/\",\"logo\":{\"@type\":\"ImageObject\",\"inLanguage\":\"es\",\"@id\":\"https:\/\/cibr.com.br\/#\/schema\/logo\/image\/\",\"url\":\"https:\/\/cibr.com.br\/wp-content\/uploads\/2019\/10\/Logotipo-Cibr-oficial.jpeg\",\"contentUrl\":\"https:\/\/cibr.com.br\/wp-content\/uploads\/2019\/10\/Logotipo-Cibr-oficial.jpeg\",\"width\":1280,\"height\":759,\"caption\":\"Central de Intelig\u00eancia do Brasil\"},\"image\":{\"@id\":\"https:\/\/cibr.com.br\/#\/schema\/logo\/image\/\"},\"sameAs\":[\"https:\/\/www.facebook.com\/CIBR.COM.BR\/\",\"https:\/\/www.linkedin.com\/company\/central-de-inteligencia-do-brasil\/\"]}]}<\/script>\n<!-- \/ Yoast SEO plugin. -->","yoast_head_json":{"title":"Pol\u00edtica de privacidad - CIBR","description":"&nbsp; Pol\u00edtica de privacidad y t\u00e9rminos de uso. QUIENES SOMOS La direcci\u00f3n de nuestro sitio web es http:\/\/cibr.com.br. La Central de Intelig\u00eancia do","robots":{"index":"index","follow":"follow","max-snippet":"max-snippet:-1","max-image-preview":"max-image-preview:large","max-video-preview":"max-video-preview:-1"},"canonical":"https:\/\/cibr.com.br\/es\/politica-de-privacidade\/","og_locale":"es_ES","og_type":"article","og_title":"Pol\u00edtica de privacidad - CIBR","og_description":"&nbsp; Pol\u00edtica de privacidad y t\u00e9rminos de uso. QUIENES SOMOS La direcci\u00f3n de nuestro sitio web es http:\/\/cibr.com.br. La Central de Intelig\u00eancia do","og_url":"https:\/\/cibr.com.br\/es\/politica-de-privacidade\/","og_site_name":"CIBR","article_publisher":"https:\/\/www.facebook.com\/CIBR.COM.BR\/","article_modified_time":"2020-06-01T16:24:22+00:00","og_image":[{"width":1280,"height":759,"url":"https:\/\/cibr.com.br\/wp-content\/uploads\/2019\/10\/Logotipo-Cibr-oficial.jpeg","type":"image\/jpeg"}],"twitter_card":"summary_large_image","twitter_misc":{"Tiempo de lectura":"7 minutos"},"schema":{"@context":"https:\/\/schema.org","@graph":[{"@type":"WebPage","@id":"https:\/\/cibr.com.br\/es\/politica-de-privacidade\/","url":"https:\/\/cibr.com.br\/es\/politica-de-privacidade\/","name":"Pol\u00edtica de privacidad - CIBR","isPartOf":{"@id":"https:\/\/cibr.com.br\/#website"},"datePublished":"2020-06-01T16:17:47+00:00","dateModified":"2020-06-01T16:24:22+00:00","description":"&nbsp; Pol\u00edtica de privacidad y t\u00e9rminos de uso. QUIENES SOMOS La direcci\u00f3n de nuestro sitio web es http:\/\/cibr.com.br. La Central de Intelig\u00eancia do","breadcrumb":{"@id":"https:\/\/cibr.com.br\/es\/politica-de-privacidade\/#breadcrumb"},"inLanguage":"es","potentialAction":[{"@type":"ReadAction","target":["https:\/\/cibr.com.br\/es\/politica-de-privacidade\/"]}]},{"@type":"BreadcrumbList","@id":"https:\/\/cibr.com.br\/es\/politica-de-privacidade\/#breadcrumb","itemListElement":[{"@type":"ListItem","position":1,"name":"In\u00edcio","item":"https:\/\/cibr.com.br\/es\/"},{"@type":"ListItem","position":2,"name":"Pol\u00edtica de privacidad"}]},{"@type":"WebSite","@id":"https:\/\/cibr.com.br\/#website","url":"https:\/\/cibr.com.br\/","name":"CIBR","description":"Consultoria e Gerenciamento de Riscos","publisher":{"@id":"https:\/\/cibr.com.br\/#organization"},"potentialAction":[{"@type":"SearchAction","target":{"@type":"EntryPoint","urlTemplate":"https:\/\/cibr.com.br\/?s={search_term_string}"},"query-input":"required name=search_term_string"}],"inLanguage":"es"},{"@type":"Organization","@id":"https:\/\/cibr.com.br\/#organization","name":"Central de Intelig\u00eancia do Brasil","url":"https:\/\/cibr.com.br\/","logo":{"@type":"ImageObject","inLanguage":"es","@id":"https:\/\/cibr.com.br\/#\/schema\/logo\/image\/","url":"https:\/\/cibr.com.br\/wp-content\/uploads\/2019\/10\/Logotipo-Cibr-oficial.jpeg","contentUrl":"https:\/\/cibr.com.br\/wp-content\/uploads\/2019\/10\/Logotipo-Cibr-oficial.jpeg","width":1280,"height":759,"caption":"Central de Intelig\u00eancia do Brasil"},"image":{"@id":"https:\/\/cibr.com.br\/#\/schema\/logo\/image\/"},"sameAs":["https:\/\/www.facebook.com\/CIBR.COM.BR\/","https:\/\/www.linkedin.com\/company\/central-de-inteligencia-do-brasil\/"]}]}},"_links":{"self":[{"href":"https:\/\/cibr.com.br\/es\/wp-json\/wp\/v2\/pages\/1847","targetHints":{"allow":["GET"]}}],"collection":[{"href":"https:\/\/cibr.com.br\/es\/wp-json\/wp\/v2\/pages"}],"about":[{"href":"https:\/\/cibr.com.br\/es\/wp-json\/wp\/v2\/types\/page"}],"author":[{"embeddable":true,"href":"https:\/\/cibr.com.br\/es\/wp-json\/wp\/v2\/users\/1"}],"replies":[{"embeddable":true,"href":"https:\/\/cibr.com.br\/es\/wp-json\/wp\/v2\/comments?post=1847"}],"version-history":[{"count":5,"href":"https:\/\/cibr.com.br\/es\/wp-json\/wp\/v2\/pages\/1847\/revisions"}],"predecessor-version":[{"id":1860,"href":"https:\/\/cibr.com.br\/es\/wp-json\/wp\/v2\/pages\/1847\/revisions\/1860"}],"wp:attachment":[{"href":"https:\/\/cibr.com.br\/es\/wp-json\/wp\/v2\/media?parent=1847"}],"curies":[{"name":"wp","href":"https:\/\/api.w.org\/{rel}","templated":true}]}}